{"id":803,"date":"2020-06-09T06:40:52","date_gmt":"2020-06-09T05:40:52","guid":{"rendered":"http:\/\/zwergenvilla-nuthetal.de\/?page_id=803"},"modified":"2026-04-15T19:13:35","modified_gmt":"2026-04-15T18:13:35","slug":"sauna-mit-kindern","status":"publish","type":"page","link":"https:\/\/zwergenvilla-nuthetal.de\/?page_id=803","title":{"rendered":"Sauna mit Kindern"},"content":{"rendered":"\t\t<div data-elementor-type=\"wp-page\" data-elementor-id=\"803\" class=\"elementor elementor-803\" data-elementor-post-type=\"page\">\n\t\t\t\t\t\t<section class=\"elementor-section elementor-top-section elementor-element elementor-element-06b7459 elementor-section-boxed elementor-section-height-default elementor-section-height-default\" data-id=\"06b7459\" data-element_type=\"section\" data-e-type=\"section\">\n\t\t\t\t\t\t<div class=\"elementor-container elementor-column-gap-default\">\n\t\t\t\t\t<div class=\"elementor-column elementor-col-100 elementor-top-column elementor-element elementor-element-6d54ab2\" data-id=\"6d54ab2\" data-element_type=\"column\" data-e-type=\"column\">\n\t\t\t<div class=\"elementor-widget-wrap\">\n\t\t\t\t\t\t\t<\/div>\n\t\t<\/div>\n\t\t\t\t\t<\/div>\n\t\t<\/section>\n\t\t\t\t<section class=\"elementor-section elementor-top-section elementor-element elementor-element-557a3a8 elementor-section-boxed elementor-section-height-default elementor-section-height-default\" data-id=\"557a3a8\" data-element_type=\"section\" data-e-type=\"section\">\n\t\t\t\t\t\t<div class=\"elementor-container elementor-column-gap-default\">\n\t\t\t\t\t<div class=\"elementor-column elementor-col-100 elementor-top-column elementor-element elementor-element-74cf25d\" data-id=\"74cf25d\" data-element_type=\"column\" data-e-type=\"column\">\n\t\t\t<div class=\"elementor-widget-wrap elementor-element-populated\">\n\t\t\t\t\t\t<div class=\"elementor-element elementor-element-bc76988 elementor-position-top elementor-widget elementor-widget-image-box\" data-id=\"bc76988\" data-element_type=\"widget\" data-e-type=\"widget\" data-widget_type=\"image-box.default\">\n\t\t\t\t<div class=\"elementor-widget-container\">\n\t\t\t\t\t<div class=\"elementor-image-box-wrapper\"><figure class=\"elementor-image-box-img\"><img decoding=\"async\" src=\"https:\/\/zwergenvilla-nuthetal.de\/wp-content\/uploads\/elementor\/thumbs\/20241019_093917-scaled-rc2oizmklgtpmrrwxbkwjnqf6fkordjvpvu1vk437k.jpg?v=1758441807\" title=\"20241019_093917\" alt=\"20241019_093917\" loading=\"lazy\" \/><\/figure><div class=\"elementor-image-box-content\"><h3 class=\"elementor-image-box-title\">Unsere Gartensauna<\/h3><p class=\"elementor-image-box-description\">in der Zeit von Oktober bis Mai k\u00f6nnen unsere Kinder 1x w\u00f6chentlich in die Sauna gehen.<\/p><\/div><\/div>\t\t\t\t<\/div>\n\t\t\t\t<\/div>\n\t\t\t\t<div class=\"elementor-element elementor-element-c73a949 elementor-widget elementor-widget-text-editor\" data-id=\"c73a949\" data-element_type=\"widget\" data-e-type=\"widget\" data-widget_type=\"text-editor.default\">\n\t\t\t\t<div class=\"elementor-widget-container\">\n\t\t\t\t\t\t\t\t\t<p>Gesunde Kinder k\u00f6nnen nicht nur, sondern sollten so gar in die Sauna gehen. Denn Saunieren h\u00e4rtet ab und das ist bei Kindern wichtig, die in der Regel mehr Infekte erleiden, als Erwachsene. So k\u00e4mpfen Saunakinder beispielsweise erheblich seltener mit Infektionskrankheiten wie Bronchitis oder Grippe, die, wenn sie erst die Runde im Kindergarten machen, meist nur langwierig zu kurieren sind.<\/p><p>Eine Sauna in der Kita bietet den Kindern die M\u00f6glichkeit, in famili\u00e4rer Umgebung ihr Immunsystem ma\u00dfgeblich zu st\u00e4rken. In der Kita f\u00fchlen sich die Kinder geborgen, haben eine starke emotionale Bindung zu den Erziehern, welche den Kindern gerade am Anfang Sicherheit geben.\u00a0<\/p>\t\t\t\t\t\t\t\t<\/div>\n\t\t\t\t<\/div>\n\t\t\t\t\t<\/div>\n\t\t<\/div>\n\t\t\t\t\t<\/div>\n\t\t<\/section>\n\t\t\t\t<section class=\"elementor-section elementor-top-section elementor-element elementor-element-d33dce7 elementor-section-boxed elementor-section-height-default elementor-section-height-default\" data-id=\"d33dce7\" data-element_type=\"section\" data-e-type=\"section\">\n\t\t\t\t\t\t<div class=\"elementor-container elementor-column-gap-default\">\n\t\t\t\t\t<div class=\"elementor-column elementor-col-100 elementor-top-column elementor-element elementor-element-4221cde\" data-id=\"4221cde\" data-element_type=\"column\" data-e-type=\"column\">\n\t\t\t<div class=\"elementor-widget-wrap elementor-element-populated\">\n\t\t\t\t\t\t<div class=\"elementor-element elementor-element-ac70f61 elementor-widget elementor-widget-gallery\" data-id=\"ac70f61\" data-element_type=\"widget\" data-e-type=\"widget\" data-settings=\"{&quot;lazyload&quot;:&quot;yes&quot;,&quot;gallery_layout&quot;:&quot;grid&quot;,&quot;columns&quot;:4,&quot;columns_tablet&quot;:2,&quot;columns_mobile&quot;:1,&quot;gap&quot;:{&quot;unit&quot;:&quot;px&quot;,&quot;size&quot;:10,&quot;sizes&quot;:[]},&quot;gap_tablet&quot;:{&quot;unit&quot;:&quot;px&quot;,&quot;size&quot;:10,&quot;sizes&quot;:[]},&quot;gap_mobile&quot;:{&quot;unit&quot;:&quot;px&quot;,&quot;size&quot;:10,&quot;sizes&quot;:[]},&quot;link_to&quot;:&quot;file&quot;,&quot;aspect_ratio&quot;:&quot;3:2&quot;,&quot;overlay_background&quot;:&quot;yes&quot;,&quot;content_hover_animation&quot;:&quot;fade-in&quot;}\" data-widget_type=\"gallery.default\">\n\t\t\t\t<div class=\"elementor-widget-container\">\n\t\t\t\t\t\t\t<div class=\"elementor-gallery__container\">\n\t\t\t\t\t\t\t<a class=\"e-gallery-item elementor-gallery-item elementor-animated-content\" href=\"https:\/\/zwergenvilla-nuthetal.de\/wp-content\/uploads\/2020\/07\/IMG_2480-scaled.jpg\" data-elementor-open-lightbox=\"yes\" data-elementor-lightbox-slideshow=\"ac70f61\" data-elementor-lightbox-title=\"IMG_2480\" data-e-action-hash=\"#elementor-action%3Aaction%3Dlightbox%26settings%3DeyJpZCI6MTI5OSwidXJsIjoiaHR0cHM6XC9cL3p3ZXJnZW52aWxsYS1udXRoZXRhbC5kZVwvd3AtY29udGVudFwvdXBsb2Fkc1wvMjAyMFwvMDdcL0lNR18yNDgwLXNjYWxlZC5qcGciLCJzbGlkZXNob3ciOiJhYzcwZjYxIn0%3D\">\n\t\t\t\t\t<div class=\"e-gallery-image elementor-gallery-item__image\" data-thumbnail=\"https:\/\/zwergenvilla-nuthetal.de\/wp-content\/uploads\/2020\/07\/IMG_2480-300x169.jpg\" data-width=\"300\" data-height=\"169\" aria-label=\"\" role=\"img\" ><\/div>\n\t\t\t\t\t\t\t\t\t\t\t<div class=\"elementor-gallery-item__overlay\"><\/div>\n\t\t\t\t\t\t\t\t\t\t\t\t\t\t<\/a>\n\t\t\t\t\t\t\t<a class=\"e-gallery-item elementor-gallery-item elementor-animated-content\" href=\"https:\/\/zwergenvilla-nuthetal.de\/wp-content\/uploads\/2020\/07\/IMG_4126-scaled.jpg\" data-elementor-open-lightbox=\"yes\" data-elementor-lightbox-slideshow=\"ac70f61\" data-elementor-lightbox-title=\"IMG_4126\" data-e-action-hash=\"#elementor-action%3Aaction%3Dlightbox%26settings%3DeyJpZCI6MTMwMiwidXJsIjoiaHR0cHM6XC9cL3p3ZXJnZW52aWxsYS1udXRoZXRhbC5kZVwvd3AtY29udGVudFwvdXBsb2Fkc1wvMjAyMFwvMDdcL0lNR180MTI2LXNjYWxlZC5qcGciLCJzbGlkZXNob3ciOiJhYzcwZjYxIn0%3D\">\n\t\t\t\t\t<div class=\"e-gallery-image elementor-gallery-item__image\" data-thumbnail=\"https:\/\/zwergenvilla-nuthetal.de\/wp-content\/uploads\/2020\/07\/IMG_4126-300x200.jpg\" data-width=\"300\" data-height=\"200\" aria-label=\"\" role=\"img\" ><\/div>\n\t\t\t\t\t\t\t\t\t\t\t<div class=\"elementor-gallery-item__overlay\"><\/div>\n\t\t\t\t\t\t\t\t\t\t\t\t\t\t<\/a>\n\t\t\t\t\t\t\t<a class=\"e-gallery-item elementor-gallery-item elementor-animated-content\" href=\"https:\/\/zwergenvilla-nuthetal.de\/wp-content\/uploads\/2020\/07\/IMG_2391-scaled.jpg\" data-elementor-open-lightbox=\"yes\" data-elementor-lightbox-slideshow=\"ac70f61\" data-elementor-lightbox-title=\"IMG_2391\" data-e-action-hash=\"#elementor-action%3Aaction%3Dlightbox%26settings%3DeyJpZCI6MTI5NywidXJsIjoiaHR0cHM6XC9cL3p3ZXJnZW52aWxsYS1udXRoZXRhbC5kZVwvd3AtY29udGVudFwvdXBsb2Fkc1wvMjAyMFwvMDdcL0lNR18yMzkxLXNjYWxlZC5qcGciLCJzbGlkZXNob3ciOiJhYzcwZjYxIn0%3D\">\n\t\t\t\t\t<div class=\"e-gallery-image elementor-gallery-item__image\" data-thumbnail=\"https:\/\/zwergenvilla-nuthetal.de\/wp-content\/uploads\/2020\/07\/IMG_2391-300x169.jpg\" data-width=\"300\" data-height=\"169\" aria-label=\"\" role=\"img\" ><\/div>\n\t\t\t\t\t\t\t\t\t\t\t<div class=\"elementor-gallery-item__overlay\"><\/div>\n\t\t\t\t\t\t\t\t\t\t\t\t\t\t<\/a>\n\t\t\t\t\t\t\t<a class=\"e-gallery-item elementor-gallery-item elementor-animated-content\" href=\"https:\/\/zwergenvilla-nuthetal.de\/wp-content\/uploads\/2020\/07\/20171107_102347-scaled.jpg\" data-elementor-open-lightbox=\"yes\" data-elementor-lightbox-slideshow=\"ac70f61\" data-elementor-lightbox-title=\"20171107_102347\" data-e-action-hash=\"#elementor-action%3Aaction%3Dlightbox%26settings%3DeyJpZCI6MTI5NSwidXJsIjoiaHR0cHM6XC9cL3p3ZXJnZW52aWxsYS1udXRoZXRhbC5kZVwvd3AtY29udGVudFwvdXBsb2Fkc1wvMjAyMFwvMDdcLzIwMTcxMTA3XzEwMjM0Ny1zY2FsZWQuanBnIiwic2xpZGVzaG93IjoiYWM3MGY2MSJ9\">\n\t\t\t\t\t<div class=\"e-gallery-image elementor-gallery-item__image\" data-thumbnail=\"https:\/\/zwergenvilla-nuthetal.de\/wp-content\/uploads\/2020\/07\/20171107_102347-300x169.jpg\" data-width=\"300\" data-height=\"169\" aria-label=\"\" role=\"img\" ><\/div>\n\t\t\t\t\t\t\t\t\t\t\t<div class=\"elementor-gallery-item__overlay\"><\/div>\n\t\t\t\t\t\t\t\t\t\t\t\t\t\t<\/a>\n\t\t\t\t\t<\/div>\n\t\t\t\t\t<\/div>\n\t\t\t\t<\/div>\n\t\t\t\t\t<\/div>\n\t\t<\/div>\n\t\t\t\t\t<\/div>\n\t\t<\/section>\n\t\t\t\t<section class=\"elementor-section elementor-top-section elementor-element elementor-element-315a28d elementor-section-boxed elementor-section-height-default elementor-section-height-default\" data-id=\"315a28d\" data-element_type=\"section\" data-e-type=\"section\">\n\t\t\t\t\t\t<div class=\"elementor-container elementor-column-gap-default\">\n\t\t\t\t\t<div class=\"elementor-column elementor-col-100 elementor-top-column elementor-element elementor-element-3d56153\" data-id=\"3d56153\" data-element_type=\"column\" data-e-type=\"column\">\n\t\t\t<div class=\"elementor-widget-wrap elementor-element-populated\">\n\t\t\t\t\t\t<div class=\"elementor-element elementor-element-a10d6e7 elementor-widget elementor-widget-spacer\" data-id=\"a10d6e7\" data-element_type=\"widget\" data-e-type=\"widget\" data-widget_type=\"spacer.default\">\n\t\t\t\t<div class=\"elementor-widget-container\">\n\t\t\t\t\t\t\t<div class=\"elementor-spacer\">\n\t\t\t<div class=\"elementor-spacer-inner\"><\/div>\n\t\t<\/div>\n\t\t\t\t\t\t<\/div>\n\t\t\t\t<\/div>\n\t\t\t\t\t<\/div>\n\t\t<\/div>\n\t\t\t\t\t<\/div>\n\t\t<\/section>\n\t\t\t\t<section class=\"elementor-section elementor-top-section elementor-element elementor-element-10d7419 elementor-section-boxed elementor-section-height-default elementor-section-height-default\" data-id=\"10d7419\" data-element_type=\"section\" data-e-type=\"section\">\n\t\t\t\t\t\t<div class=\"elementor-container elementor-column-gap-default\">\n\t\t\t\t\t<div class=\"elementor-column elementor-col-50 elementor-top-column elementor-element elementor-element-d7f22df\" data-id=\"d7f22df\" data-element_type=\"column\" data-e-type=\"column\">\n\t\t\t<div class=\"elementor-widget-wrap elementor-element-populated\">\n\t\t\t\t\t\t<div class=\"elementor-element elementor-element-b80e401 elementor-position-inline-start elementor-view-default elementor-mobile-position-block-start elementor-widget elementor-widget-icon-box\" data-id=\"b80e401\" data-element_type=\"widget\" data-e-type=\"widget\" data-widget_type=\"icon-box.default\">\n\t\t\t\t<div class=\"elementor-widget-container\">\n\t\t\t\t\t\t\t<div class=\"elementor-icon-box-wrapper\">\n\n\t\t\t\t\t\t<div class=\"elementor-icon-box-icon\">\n\t\t\t\t<span  class=\"elementor-icon\">\n\t\t\t\t<i aria-hidden=\"true\" class=\"fas fa-thermometer-half\"><\/i>\t\t\t\t<\/span>\n\t\t\t<\/div>\n\t\t\t\n\t\t\t\t\t\t<div class=\"elementor-icon-box-content\">\n\n\t\t\t\t\t\t\t\t\t<h3 class=\"elementor-icon-box-title\">\n\t\t\t\t\t\t<span  >\n\t\t\t\t\t\t\tdie regelm\u00e4\u00dfige Saunanutzung...\t\t\t\t\t\t<\/span>\n\t\t\t\t\t<\/h3>\n\t\t\t\t\n\t\t\t\t\t\t\t\t\t<p class=\"elementor-icon-box-description\">\n\t\t\t\t\t\t... erfolgt in Kleingruppen an festen Saunatagen, die den Eltern zu Beginn des Kitajahres im September mitgeteilt werden. An den Saunatagen sollten die Kinder folgende pers\u00f6nliche Sachen nicht vergessen:\n\u2022\tBadelatschen (am besten Crocs)\n\u2022\tBademantel\n\u2022\t1 Handtuch ( ca. 50x100cm)\n\u2022\t1 paar Kuschelsocken\n\t\t\t\t\t<\/p>\n\t\t\t\t\n\t\t\t<\/div>\n\t\t\t\n\t\t<\/div>\n\t\t\t\t\t\t<\/div>\n\t\t\t\t<\/div>\n\t\t\t\t<div class=\"elementor-element elementor-element-396cf5c elementor-mobile-align-center elementor-align-center elementor-widget elementor-widget-button\" data-id=\"396cf5c\" data-element_type=\"widget\" data-e-type=\"widget\" data-widget_type=\"button.default\">\n\t\t\t\t<div class=\"elementor-widget-container\">\n\t\t\t\t\t\t\t\t\t<div class=\"elementor-button-wrapper\">\n\t\t\t\t\t<a class=\"elementor-button elementor-button-link elementor-size-md elementor-animation-grow\" href=\"http:\/\/zwergenvilla-nuthetal.de\/wp-content\/uploads\/2020\/07\/Saunakonzept2015.pdf\" target=\"_blank\">\n\t\t\t\t\t\t<span class=\"elementor-button-content-wrapper\">\n\t\t\t\t\t\t<span class=\"elementor-button-icon\">\n\t\t\t\t<i aria-hidden=\"true\" class=\"fas fa-book-reader\"><\/i>\t\t\t<\/span>\n\t\t\t\t\t\t\t\t\t<span class=\"elementor-button-text\">hier das ganze Saunakonzept \u00f6ffnen<\/span>\n\t\t\t\t\t<\/span>\n\t\t\t\t\t<\/a>\n\t\t\t\t<\/div>\n\t\t\t\t\t\t\t\t<\/div>\n\t\t\t\t<\/div>\n\t\t\t\t\t<\/div>\n\t\t<\/div>\n\t\t\t\t<div class=\"elementor-column elementor-col-50 elementor-top-column elementor-element elementor-element-8f8a05a\" data-id=\"8f8a05a\" data-element_type=\"column\" data-e-type=\"column\">\n\t\t\t<div class=\"elementor-widget-wrap elementor-element-populated\">\n\t\t\t\t\t\t<div class=\"elementor-element elementor-element-cd62620 elementor-widget elementor-widget-image\" data-id=\"cd62620\" data-element_type=\"widget\" data-e-type=\"widget\" data-widget_type=\"image.default\">\n\t\t\t\t<div class=\"elementor-widget-container\">\n\t\t\t\t\t\t\t\t\t\t\t\t\t\t\t<img fetchpriority=\"high\" decoding=\"async\" width=\"1024\" height=\"768\" src=\"https:\/\/zwergenvilla-nuthetal.de\/wp-content\/uploads\/2020\/07\/Sauna-1-1024x768.jpg\" class=\"attachment-large size-large wp-image-1703\" alt=\"\" srcset=\"https:\/\/zwergenvilla-nuthetal.de\/wp-content\/uploads\/2020\/07\/Sauna-1-1024x768.jpg 1024w, https:\/\/zwergenvilla-nuthetal.de\/wp-content\/uploads\/2020\/07\/Sauna-1-300x225.jpg 300w, https:\/\/zwergenvilla-nuthetal.de\/wp-content\/uploads\/2020\/07\/Sauna-1-768x576.jpg 768w, https:\/\/zwergenvilla-nuthetal.de\/wp-content\/uploads\/2020\/07\/Sauna-1-1536x1152.jpg 1536w, https:\/\/zwergenvilla-nuthetal.de\/wp-content\/uploads\/2020\/07\/Sauna-1-2048x1536.jpg 2048w, https:\/\/zwergenvilla-nuthetal.de\/wp-content\/uploads\/2020\/07\/Sauna-1-24x18.jpg 24w, https:\/\/zwergenvilla-nuthetal.de\/wp-content\/uploads\/2020\/07\/Sauna-1-36x27.jpg 36w, https:\/\/zwergenvilla-nuthetal.de\/wp-content\/uploads\/2020\/07\/Sauna-1-48x36.jpg 48w\" sizes=\"(max-width: 1024px) 100vw, 1024px\" \/>\t\t\t\t\t\t\t\t\t\t\t\t\t\t\t<\/div>\n\t\t\t\t<\/div>\n\t\t\t\t\t<\/div>\n\t\t<\/div>\n\t\t\t\t\t<\/div>\n\t\t<\/section>\n\t\t\t\t<\/div>\n\t\t","protected":false},"excerpt":{"rendered":"<p>Unsere Gartensauna in der Zeit von Oktober bis Mai k\u00f6nnen unsere Kinder 1x w\u00f6chentlich in die Sauna gehen. Gesunde Kinder k\u00f6nnen nicht nur, sondern sollten so gar in die Sauna gehen. Denn Saunieren h\u00e4rtet ab und das ist bei Kindern wichtig, die in der Regel mehr Infekte erleiden, als Erwachsene. So k\u00e4mpfen Saunakinder beispielsweise erheblich [&hellip;]<\/p>\n","protected":false},"author":1,"featured_media":0,"parent":0,"menu_order":0,"comment_status":"closed","ping_status":"closed","template":"","meta":{"ocean_post_layout":"","ocean_both_sidebars_style":"","ocean_both_sidebars_content_width":0,"ocean_both_sidebars_sidebars_width":0,"ocean_sidebar":"0","ocean_second_sidebar":"0","ocean_disable_margins":"enable","ocean_add_body_class":"","ocean_shortcode_before_top_bar":"","ocean_shortcode_after_top_bar":"","ocean_shortcode_before_header":"","ocean_shortcode_after_header":"","ocean_has_shortcode":"","ocean_shortcode_after_title":"","ocean_shortcode_before_footer_widgets":"","ocean_shortcode_after_footer_widgets":"","ocean_shortcode_before_footer_bottom":"","ocean_shortcode_after_footer_bottom":"","ocean_display_top_bar":"default","ocean_display_header":"default","ocean_header_style":"","ocean_center_header_left_menu":"0","ocean_custom_header_template":"0","ocean_custom_logo":0,"ocean_custom_retina_logo":0,"ocean_custom_logo_max_width":0,"ocean_custom_logo_tablet_max_width":0,"ocean_custom_logo_mobile_max_width":0,"ocean_custom_logo_max_height":0,"ocean_custom_logo_tablet_max_height":0,"ocean_custom_logo_mobile_max_height":0,"ocean_header_custom_menu":"0","ocean_menu_typo_font_family":"0","ocean_menu_typo_font_subset":"","ocean_menu_typo_font_size":0,"ocean_menu_typo_font_size_tablet":0,"ocean_menu_typo_font_size_mobile":0,"ocean_menu_typo_font_size_unit":"px","ocean_menu_typo_font_weight":"","ocean_menu_typo_font_weight_tablet":"","ocean_menu_typo_font_weight_mobile":"","ocean_menu_typo_transform":"","ocean_menu_typo_transform_tablet":"","ocean_menu_typo_transform_mobile":"","ocean_menu_typo_line_height":0,"ocean_menu_typo_line_height_tablet":0,"ocean_menu_typo_line_height_mobile":0,"ocean_menu_typo_line_height_unit":"","ocean_menu_typo_spacing":0,"ocean_menu_typo_spacing_tablet":0,"ocean_menu_typo_spacing_mobile":0,"ocean_menu_typo_spacing_unit":"","ocean_menu_link_color":"","ocean_menu_link_color_hover":"","ocean_menu_link_color_active":"","ocean_menu_link_background":"","ocean_menu_link_hover_background":"","ocean_menu_link_active_background":"","ocean_menu_social_links_bg":"","ocean_menu_social_hover_links_bg":"","ocean_menu_social_links_color":"","ocean_menu_social_hover_links_color":"","ocean_disable_title":"default","ocean_disable_heading":"default","ocean_post_title":"","ocean_post_subheading":"","ocean_post_title_style":"","ocean_post_title_background_color":"","ocean_post_title_background":0,"ocean_post_title_bg_image_position":"","ocean_post_title_bg_image_attachment":"","ocean_post_title_bg_image_repeat":"","ocean_post_title_bg_image_size":"","ocean_post_title_height":0,"ocean_post_title_bg_overlay":0.5,"ocean_post_title_bg_overlay_color":"","ocean_disable_breadcrumbs":"default","ocean_breadcrumbs_color":"","ocean_breadcrumbs_separator_color":"","ocean_breadcrumbs_links_color":"","ocean_breadcrumbs_links_hover_color":"","ocean_display_footer_widgets":"default","ocean_display_footer_bottom":"default","ocean_custom_footer_template":"0","omw_enable_modal_window":"enable","footnotes":""},"class_list":["post-803","page","type-page","status-publish","hentry","entry"],"_links":{"self":[{"href":"https:\/\/zwergenvilla-nuthetal.de\/index.php?rest_route=\/wp\/v2\/pages\/803","targetHints":{"allow":["GET"]}}],"collection":[{"href":"https:\/\/zwergenvilla-nuthetal.de\/index.php?rest_route=\/wp\/v2\/pages"}],"about":[{"href":"https:\/\/zwergenvilla-nuthetal.de\/index.php?rest_route=\/wp\/v2\/types\/page"}],"author":[{"embeddable":true,"href":"https:\/\/zwergenvilla-nuthetal.de\/index.php?rest_route=\/wp\/v2\/users\/1"}],"replies":[{"embeddable":true,"href":"https:\/\/zwergenvilla-nuthetal.de\/index.php?rest_route=%2Fwp%2Fv2%2Fcomments&post=803"}],"version-history":[{"count":20,"href":"https:\/\/zwergenvilla-nuthetal.de\/index.php?rest_route=\/wp\/v2\/pages\/803\/revisions"}],"predecessor-version":[{"id":2900,"href":"https:\/\/zwergenvilla-nuthetal.de\/index.php?rest_route=\/wp\/v2\/pages\/803\/revisions\/2900"}],"wp:attachment":[{"href":"https:\/\/zwergenvilla-nuthetal.de\/index.php?rest_route=%2Fwp%2Fv2%2Fmedia&parent=803"}],"curies":[{"name":"wp","href":"https:\/\/api.w.org\/{rel}","templated":true}]}}